{"id":358,"date":"2017-11-23T16:21:51","date_gmt":"2017-11-23T15:21:51","guid":{"rendered":"https:\/\/emd-cm.cat\/que-fem\/"},"modified":"2018-03-07T23:22:36","modified_gmt":"2018-03-07T22:22:36","slug":"que-hacemos","status":"publish","type":"page","link":"https:\/\/emd-cm.cat\/es\/que-hacemos\/","title":{"rendered":"\u00bfQu\u00e9 hacemos?"},"content":{"rendered":"<div id=\"pl-358\"  class=\"panel-layout\" ><div id=\"pg-358-0\"  class=\"panel-grid panel-has-style\"  style=\"margin-bottom: 0px;margin-left: 0px;margin-right: 0px;\" ><div class=\"page-title siteorigin-panels-stretch kt-panel-row-stretch panel-row-style panel-row-style-for-358-0\" style=\"background-image: url(https:\/\/emd-cm.cat\/wp-content\/uploads\/2017\/11\/que-fem_2.jpg);background-size: cover;background-position: center center;visibility: hidden;\" data-stretch-type=\"full\" ><div id=\"pgc-358-0-0\"  class=\"panel-grid-cell\" ><div id=\"panel-358-0-0-0\" class=\"so-panel widget widget_black-studio-tinymce widget_black_studio_tinymce panel-first-child panel-last-child\" data-index=\"0\" ><div class=\"textwidget\"><h1 style=\"text-align: center;\"><span style=\"color: #ffffff;\">\u00bfQU\u00c9 HACEMOS?<\/span><\/h1>\n<\/div><\/div><\/div><\/div><\/div><div id=\"pg-358-1\"  class=\"panel-grid panel-has-style\" ><div class=\"panel-widget-style panel-row-style panel-row-style-for-358-1\" ><div id=\"pgc-358-1-0\"  class=\"panel-grid-cell\" ><div id=\"panel-358-1-0-0\" class=\"so-panel widget widget_black-studio-tinymce widget_black_studio_tinymce panel-first-child panel-last-child\" data-index=\"1\" ><div class=\"textwidget\"><h2 style=\"text-align: center;\">Di\u00e1logo en pareja, sincero y profundo, bajo la mirada de Dios.<\/h2>\n<h2 style=\"text-align: center;\">Oraci\u00f3n personal, familiar y conyugal.<\/h2>\n<h2 style=\"text-align: center;\">Formaci\u00f3n para que nuestra fe sea m\u00e1s viva y personal.<\/h2>\n<h2 style=\"text-align: center;\">Posibilidad de compartir inquietudes, realidades y experiencias.<\/h2>\n<\/div><\/div><\/div><\/div><\/div><div id=\"pg-358-2\"  class=\"panel-grid panel-no-style\" ><div id=\"pgc-358-2-0\"  class=\"panel-grid-cell\" ><div id=\"panel-358-2-0-0\" class=\"so-panel widget widget_virtue_about_with_image virtue_about_with_image panel-first-child panel-last-child\" data-index=\"2\" ><div class=\"kad_img_upload_widget kt-shape-type-kt-image-shape-standard kt-image-align-center kt-image-widget-widget-2-0-0\"><a href=\"https:\/\/emd-cm.cat\/wp-content\/uploads\/2017\/11\/720_2075.jpg\" rel=\"lightbox\"><div class=\"kt-image-contain kt-image-shadow-none kt-image-shape-standard\"><div class=\"kt-image-inner-contain\"><img width=\"1360\" height=\"2048\" src=\"https:\/\/emd-cm.cat\/wp-content\/uploads\/2017\/11\/720_2075.jpg\" class=\"attachment-full size-full\" alt=\"\" loading=\"lazy\" srcset=\"https:\/\/emd-cm.cat\/wp-content\/uploads\/2017\/11\/720_2075.jpg 1360w, https:\/\/emd-cm.cat\/wp-content\/uploads\/2017\/11\/720_2075-199x300.jpg 199w, https:\/\/emd-cm.cat\/wp-content\/uploads\/2017\/11\/720_2075-768x1157.jpg 768w, https:\/\/emd-cm.cat\/wp-content\/uploads\/2017\/11\/720_2075-680x1024.jpg 680w\" sizes=\"(max-width: 1360px) 100vw, 1360px\" \/><\/div><\/div><\/a><\/div><\/div><\/div><div id=\"pgc-358-2-1\"  class=\"panel-grid-cell\" ><div id=\"panel-358-2-1-0\" class=\"so-panel widget widget_black-studio-tinymce widget_black_studio_tinymce panel-first-child panel-last-child\" data-index=\"3\" ><div class=\"textwidget\"><h3><strong>\u00bfCU\u00c1L ES NUESTRO M\u00c9TODO?<\/strong><\/h3>\n<p>La gran intuici\u00f3n del Padre Caffarel fue ofrecer a los matrimonios cristianos una pauta, unas gu\u00edas que los lleven a progresar como matrimonio cristiano.<br \/> Se basa en los <a href=\"https:\/\/emd-cm.cat\/wp-content\/uploads\/2017\/07\/Guia-dels-equips-de-la-mare-de-Deu.pdf\" target=\"_blank\" rel=\"noopener\">MEDIOS CONCRETOS DE ESFUERZO<\/a>:<\/p>\n<ul>\n<li>\u2018<strong>Escuchar\u2019 <\/strong>asiduamente la Palabra de Dios<\/li>\n<li>Reservar todos los d\u00edas alg\u00fan tiempo para un verdadero \u2018encuentro con el Se\u00f1or\u2019 (<strong>oraci\u00f3n personal<\/strong>)<\/li>\n<li>Encontrarse cada d\u00eda juntos marido y mujer en una <strong>oraci\u00f3n conyugal<\/strong> (y si fuera posible, en una oraci\u00f3n familiar)<\/li>\n<li>Dedicar cada mes el tiempo que sea preciso para un verdadero di\u00e1logo conyugal bajo la mirada de Dios, \u201c<strong>el<\/strong> <strong>Deber de sentarse o sentada<\/strong>\u201d: Este punto es uno de los grandes descubrimientos de los Equipos de Nuestra Se\u00f1ora, pues va m\u00e1s all\u00e1 del di\u00e1logo b\u00e1sico y necesario para la vida de pareja. En este punto, se comparte una manera \u201cnueva\u201d de dialogar que nace del convencimiento de la presencia de Dios que une, y del proyecto de vida (matrimonio y familia) al que se han sido llamados los esposos.<\/li>\n<li>Fijarse una <strong>regla de vida<\/strong>: La regla de vida es el punto en el que cada uno decide personalmente concentrar sus esfuerzos para seguir mejor su direcci\u00f3n de crecimiento y responder con alegr\u00eda a la llamada de amor que le dirige Dios. (Documento sobre la Regla de Vida de 1999)<\/li>\n<li>Asistir a un <strong>retiro anual<\/strong>. Ponerse cada a\u00f1o ante el Se\u00f1or -en matrimonio, si es posible- durante un retiro de 48 horas como m\u00ednimo, para reflexionar y planificar la vida en su presencia.<\/li>\n<\/ul>\n<\/div><\/div><\/div><\/div><\/div>","protected":false},"excerpt":{"rendered":"<p>\u00bfQU\u00c9 HACEMOS? Di\u00e1logo en pareja, sincero y profundo, bajo la mirada de Dios. Oraci\u00f3n personal, familiar y conyugal. Formaci\u00f3n para que nuestra fe sea m\u00e1s viva y personal. Posibilidad de compartir inquietudes, realidades y experiencias.<\/p>\n","protected":false},"author":3,"featured_media":0,"parent":0,"menu_order":0,"comment_status":"closed","ping_status":"closed","template":"page-fullwidth.php","meta":{"_monsterinsights_skip_tracking":false,"_monsterinsights_sitenote_active":false,"_monsterinsights_sitenote_note":"","_monsterinsights_sitenote_category":0},"_links":{"self":[{"href":"https:\/\/emd-cm.cat\/es\/wp-json\/wp\/v2\/pages\/358"}],"collection":[{"href":"https:\/\/emd-cm.cat\/es\/wp-json\/wp\/v2\/pages"}],"about":[{"href":"https:\/\/emd-cm.cat\/es\/wp-json\/wp\/v2\/types\/page"}],"author":[{"embeddable":true,"href":"https:\/\/emd-cm.cat\/es\/wp-json\/wp\/v2\/users\/3"}],"replies":[{"embeddable":true,"href":"https:\/\/emd-cm.cat\/es\/wp-json\/wp\/v2\/comments?post=358"}],"version-history":[{"count":7,"href":"https:\/\/emd-cm.cat\/es\/wp-json\/wp\/v2\/pages\/358\/revisions"}],"predecessor-version":[{"id":487,"href":"https:\/\/emd-cm.cat\/es\/wp-json\/wp\/v2\/pages\/358\/revisions\/487"}],"wp:attachment":[{"href":"https:\/\/emd-cm.cat\/es\/wp-json\/wp\/v2\/media?parent=358"}],"curies":[{"name":"wp","href":"https:\/\/api.w.org\/{rel}","templated":true}]}}